{"id":130,"date":"2022-03-15T10:57:23","date_gmt":"2022-03-15T14:57:23","guid":{"rendered":"https:\/\/acdkids.org\/about-acd\/"},"modified":"2023-02-10T11:03:47","modified_gmt":"2023-02-10T16:03:47","slug":"acerca-de-acd","status":"publish","type":"page","link":"https:\/\/acdkids.org\/es\/acerca-de-acd\/","title":{"rendered":"Acerca de ACD"},"content":{"rendered":"<div id=\"cs-content\" class=\"cs-content\"><\/div>\n","protected":false},"excerpt":{"rendered":"<p>La Asociaci\u00f3n para el Desarrollo de Ni\u00f1os Promovemos buenos h\u00e1bitos de alimentaci\u00f3n desde hace m\u00e1s de 45 a\u00f1os. Acerca de ACD La Asociaci\u00f3n para el Desarrollo de Ni\u00f1os (ACD por sus siglas en ingl\u00e9s) es un patrocinador del Programa de Alimentos para el Cuidado de Ni\u00f1os y Adultos (CACFP) en los estados de M\u00edchigan e Illinois. Nuestra organizaci\u00f3n lleva 45 &#8230; <\/p>\n<div><a href=\"https:\/\/acdkids.org\/es\/acerca-de-acd\/\" class=\"more-link\">Read More<\/a><\/div>\n","protected":false},"author":14,"featured_media":0,"parent":0,"menu_order":1,"comment_status":"closed","ping_status":"closed","template":"template-blank-4.php","meta":{"_acf_changed":false,"footnotes":""},"class_list":["post-130","page","type-page","status-publish","hentry","no-post-thumbnail"],"acf":[],"_links":{"self":[{"href":"https:\/\/acdkids.org\/es\/wp-json\/wp\/v2\/pages\/130","targetHints":{"allow":["GET"]}}],"collection":[{"href":"https:\/\/acdkids.org\/es\/wp-json\/wp\/v2\/pages"}],"about":[{"href":"https:\/\/acdkids.org\/es\/wp-json\/wp\/v2\/types\/page"}],"author":[{"embeddable":true,"href":"https:\/\/acdkids.org\/es\/wp-json\/wp\/v2\/users\/14"}],"replies":[{"embeddable":true,"href":"https:\/\/acdkids.org\/es\/wp-json\/wp\/v2\/comments?post=130"}],"version-history":[{"count":0,"href":"https:\/\/acdkids.org\/es\/wp-json\/wp\/v2\/pages\/130\/revisions"}],"wp:attachment":[{"href":"https:\/\/acdkids.org\/es\/wp-json\/wp\/v2\/media?parent=130"}],"curies":[{"name":"wp","href":"https:\/\/api.w.org\/{rel}","templated":true}]}}