{"id":140,"date":"2022-03-15T10:57:44","date_gmt":"2022-03-15T14:57:44","guid":{"rendered":"https:\/\/acdkids.org\/michigan\/"},"modified":"2022-05-04T10:42:27","modified_gmt":"2022-05-04T14:42:27","slug":"michigan","status":"publish","type":"page","link":"https:\/\/acdkids.org\/es\/michigan\/","title":{"rendered":"M\u00edchigan"},"content":{"rendered":"<div id=\"cs-content\" class=\"cs-content\"><\/div>\n","protected":false},"excerpt":{"rendered":"<p>M\u00edchigan La Asociaci\u00f3n para el Desarrollo de Ni\u00f1os (ACD) ha sido patrocinador del Programa de Alimentos para el Cuidado de Ni\u00f1os y Adultos (CACFP) en M\u00edchigan durante m\u00e1s de 40 a\u00f1os. Desde nuestro comienzo, hemos extendido el alcance de nuestros servicios para incluir los centros de cuidado infantil, hoy d\u00eda trabajando en estrecha colaboraci\u00f3n con varios profesionales del sector de &#8230; <\/p>\n<div><a href=\"https:\/\/acdkids.org\/es\/michigan\/\" class=\"more-link\">Read More<\/a><\/div>\n","protected":false},"author":14,"featured_media":0,"parent":0,"menu_order":4,"comment_status":"closed","ping_status":"closed","template":"template-blank-4.php","meta":{"_acf_changed":false,"footnotes":""},"class_list":["post-140","page","type-page","status-publish","hentry","no-post-thumbnail"],"acf":[],"_links":{"self":[{"href":"https:\/\/acdkids.org\/es\/wp-json\/wp\/v2\/pages\/140","targetHints":{"allow":["GET"]}}],"collection":[{"href":"https:\/\/acdkids.org\/es\/wp-json\/wp\/v2\/pages"}],"about":[{"href":"https:\/\/acdkids.org\/es\/wp-json\/wp\/v2\/types\/page"}],"author":[{"embeddable":true,"href":"https:\/\/acdkids.org\/es\/wp-json\/wp\/v2\/users\/14"}],"replies":[{"embeddable":true,"href":"https:\/\/acdkids.org\/es\/wp-json\/wp\/v2\/comments?post=140"}],"version-history":[{"count":0,"href":"https:\/\/acdkids.org\/es\/wp-json\/wp\/v2\/pages\/140\/revisions"}],"wp:attachment":[{"href":"https:\/\/acdkids.org\/es\/wp-json\/wp\/v2\/media?parent=140"}],"curies":[{"name":"wp","href":"https:\/\/api.w.org\/{rel}","templated":true}]}}