{"id":141,"date":"2022-03-15T10:58:55","date_gmt":"2022-03-15T14:58:55","guid":{"rendered":"https:\/\/acdkids.org\/acerca-de-acd\/cacfp\/"},"modified":"2022-05-04T08:26:17","modified_gmt":"2022-05-04T12:26:17","slug":"cacfp","status":"publish","type":"page","link":"https:\/\/acdkids.org\/es\/acerca-de-acd\/cacfp\/","title":{"rendered":"CACFP"},"content":{"rendered":"<div id=\"cs-content\" class=\"cs-content\"><\/div>\n","protected":false},"excerpt":{"rendered":"<p>Acerca de CACFP El Programa de Alimentos para el Cuidado de Ni\u00f1os y Adultos (CACFP por sus siglas en ingl\u00e9s) es un proyecto federal administrado por el Departamento de Agricultura de los Estados Unidos (USDA) con objeto de que los ni\u00f1os y adultos inscritos en los centros de cuidado y guarder\u00edas dom\u00e9sticas participantes gocen de la mejor nutrici\u00f3n posible y &#8230; <\/p>\n<div><a href=\"https:\/\/acdkids.org\/es\/acerca-de-acd\/cacfp\/\" class=\"more-link\">Read More<\/a><\/div>\n","protected":false},"author":14,"featured_media":0,"parent":130,"menu_order":2,"comment_status":"closed","ping_status":"closed","template":"template-blank-4.php","meta":{"_acf_changed":false,"footnotes":""},"class_list":["post-141","page","type-page","status-publish","hentry","no-post-thumbnail"],"acf":[],"_links":{"self":[{"href":"https:\/\/acdkids.org\/es\/wp-json\/wp\/v2\/pages\/141","targetHints":{"allow":["GET"]}}],"collection":[{"href":"https:\/\/acdkids.org\/es\/wp-json\/wp\/v2\/pages"}],"about":[{"href":"https:\/\/acdkids.org\/es\/wp-json\/wp\/v2\/types\/page"}],"author":[{"embeddable":true,"href":"https:\/\/acdkids.org\/es\/wp-json\/wp\/v2\/users\/14"}],"replies":[{"embeddable":true,"href":"https:\/\/acdkids.org\/es\/wp-json\/wp\/v2\/comments?post=141"}],"version-history":[{"count":0,"href":"https:\/\/acdkids.org\/es\/wp-json\/wp\/v2\/pages\/141\/revisions"}],"up":[{"embeddable":true,"href":"https:\/\/acdkids.org\/es\/wp-json\/wp\/v2\/pages\/130"}],"wp:attachment":[{"href":"https:\/\/acdkids.org\/es\/wp-json\/wp\/v2\/media?parent=141"}],"curies":[{"name":"wp","href":"https:\/\/api.w.org\/{rel}","templated":true}]}}