{"id":154,"date":"2022-03-15T10:59:27","date_gmt":"2022-03-15T14:59:27","guid":{"rendered":"https:\/\/acdkids.org\/illinois\/child-care-homes\/"},"modified":"2022-08-01T13:56:23","modified_gmt":"2022-08-01T17:56:23","slug":"guarderias-domesticas","status":"publish","type":"page","link":"https:\/\/acdkids.org\/es\/illinois\/guarderias-domesticas\/","title":{"rendered":"Guarder\u00edas dom\u00e9sticas"},"content":{"rendered":"<div id=\"cs-content\" class=\"cs-content\"><\/div>\n","protected":false},"excerpt":{"rendered":"<p>Guarder\u00edas dom\u00e9sticas de Illinois El Departamento de Agricultura de los Estados Unidos (USDA) establece los importes de reembolso otorgados en el Programa de Alimentos para el Cuidado de Ni\u00f1os y Adultos y los modifica ligeramente todos los a\u00f1os, en el 1 de julio, seg\u00fan los cambios en el costo de la vida. Hay dos categor\u00edas seg\u00fan las que los proveedores &#8230; <\/p>\n<div><a href=\"https:\/\/acdkids.org\/es\/illinois\/guarderias-domesticas\/\" class=\"more-link\">Read More<\/a><\/div>\n","protected":false},"author":14,"featured_media":0,"parent":139,"menu_order":0,"comment_status":"closed","ping_status":"closed","template":"template-blank-4.php","meta":{"_acf_changed":false,"footnotes":""},"class_list":["post-154","page","type-page","status-publish","hentry","no-post-thumbnail"],"acf":[],"_links":{"self":[{"href":"https:\/\/acdkids.org\/es\/wp-json\/wp\/v2\/pages\/154","targetHints":{"allow":["GET"]}}],"collection":[{"href":"https:\/\/acdkids.org\/es\/wp-json\/wp\/v2\/pages"}],"about":[{"href":"https:\/\/acdkids.org\/es\/wp-json\/wp\/v2\/types\/page"}],"author":[{"embeddable":true,"href":"https:\/\/acdkids.org\/es\/wp-json\/wp\/v2\/users\/14"}],"replies":[{"embeddable":true,"href":"https:\/\/acdkids.org\/es\/wp-json\/wp\/v2\/comments?post=154"}],"version-history":[{"count":0,"href":"https:\/\/acdkids.org\/es\/wp-json\/wp\/v2\/pages\/154\/revisions"}],"up":[{"embeddable":true,"href":"https:\/\/acdkids.org\/es\/wp-json\/wp\/v2\/pages\/139"}],"wp:attachment":[{"href":"https:\/\/acdkids.org\/es\/wp-json\/wp\/v2\/media?parent=154"}],"curies":[{"name":"wp","href":"https:\/\/api.w.org\/{rel}","templated":true}]}}