{"id":160,"date":"2022-03-15T11:27:26","date_gmt":"2022-03-15T15:27:26","guid":{"rendered":"https:\/\/acdkids.org\/illinois\/faq\/"},"modified":"2022-05-04T09:37:48","modified_gmt":"2022-05-04T13:37:48","slug":"preguntas-frecuentes","status":"publish","type":"page","link":"https:\/\/acdkids.org\/es\/illinois\/preguntas-frecuentes\/","title":{"rendered":"Preguntas frecuentes"},"content":{"rendered":"<div id=\"cs-content\" class=\"cs-content\"><\/div>\n","protected":false},"excerpt":{"rendered":"<p>Preguntas frecuentes A continuaci\u00f3n, se resuelven las dudas m\u00e1s comunes de propietarios de guarder\u00edas dom\u00e9sticas y centros de cuidado infantil de Illinois. Si no encuentra la respuesta a su pregunta espec\u00edfica, le invitamos a mandarnos un menaje.P :\u00bfPor qu\u00e9 deber\u00eda participar en CACFP con ACD?Los proveedores de cuidado infantil patrocinados por ACD para participar en el Programa de Alimentos para &#8230; <\/p>\n<div><a href=\"https:\/\/acdkids.org\/es\/illinois\/preguntas-frecuentes\/\" class=\"more-link\">Read More<\/a><\/div>\n","protected":false},"author":14,"featured_media":0,"parent":139,"menu_order":2,"comment_status":"closed","ping_status":"closed","template":"template-blank-4.php","meta":{"_acf_changed":false,"footnotes":""},"class_list":["post-160","page","type-page","status-publish","hentry","no-post-thumbnail"],"acf":[],"_links":{"self":[{"href":"https:\/\/acdkids.org\/es\/wp-json\/wp\/v2\/pages\/160","targetHints":{"allow":["GET"]}}],"collection":[{"href":"https:\/\/acdkids.org\/es\/wp-json\/wp\/v2\/pages"}],"about":[{"href":"https:\/\/acdkids.org\/es\/wp-json\/wp\/v2\/types\/page"}],"author":[{"embeddable":true,"href":"https:\/\/acdkids.org\/es\/wp-json\/wp\/v2\/users\/14"}],"replies":[{"embeddable":true,"href":"https:\/\/acdkids.org\/es\/wp-json\/wp\/v2\/comments?post=160"}],"version-history":[{"count":0,"href":"https:\/\/acdkids.org\/es\/wp-json\/wp\/v2\/pages\/160\/revisions"}],"up":[{"embeddable":true,"href":"https:\/\/acdkids.org\/es\/wp-json\/wp\/v2\/pages\/139"}],"wp:attachment":[{"href":"https:\/\/acdkids.org\/es\/wp-json\/wp\/v2\/media?parent=160"}],"curies":[{"name":"wp","href":"https:\/\/api.w.org\/{rel}","templated":true}]}}