{"id":163,"date":"2022-03-15T11:28:01","date_gmt":"2022-03-15T15:28:01","guid":{"rendered":"https:\/\/acdkids.org\/illinois\/contact\/"},"modified":"2022-05-04T10:41:46","modified_gmt":"2022-05-04T14:41:46","slug":"contacto","status":"publish","type":"page","link":"https:\/\/acdkids.org\/es\/illinois\/contacto\/","title":{"rendered":"Contacto"},"content":{"rendered":"<div id=\"cs-content\" class=\"cs-content\"><\/div>\n","protected":false},"excerpt":{"rendered":"<p>Formulario de Contacto de Illinois En caso de tener una pregunta o desear informaci\u00f3n sobre c\u00f3mo participar en el programa de alimentos con ACD, comun\u00edquese con nosotros utilizando el formulario a continuaci\u00f3n. Enviar PDF Oficina de Illinois Direcci\u00f3n permanente: P.O. Box 7130 Westchester, IL 60154-7130Direcci\u00f3n postal: 4415 West Harrison Street, Suite 535 Hillside, IL 60162Tel\u00e9fono gratuito: (800) 284-5273 Llamadas locales: &#8230; <\/p>\n<div><a href=\"https:\/\/acdkids.org\/es\/illinois\/contacto\/\" class=\"more-link\">Read More<\/a><\/div>\n","protected":false},"author":14,"featured_media":0,"parent":139,"menu_order":3,"comment_status":"closed","ping_status":"closed","template":"template-blank-4.php","meta":{"_acf_changed":false,"footnotes":""},"class_list":["post-163","page","type-page","status-publish","hentry","no-post-thumbnail"],"acf":[],"_links":{"self":[{"href":"https:\/\/acdkids.org\/es\/wp-json\/wp\/v2\/pages\/163","targetHints":{"allow":["GET"]}}],"collection":[{"href":"https:\/\/acdkids.org\/es\/wp-json\/wp\/v2\/pages"}],"about":[{"href":"https:\/\/acdkids.org\/es\/wp-json\/wp\/v2\/types\/page"}],"author":[{"embeddable":true,"href":"https:\/\/acdkids.org\/es\/wp-json\/wp\/v2\/users\/14"}],"replies":[{"embeddable":true,"href":"https:\/\/acdkids.org\/es\/wp-json\/wp\/v2\/comments?post=163"}],"version-history":[{"count":0,"href":"https:\/\/acdkids.org\/es\/wp-json\/wp\/v2\/pages\/163\/revisions"}],"up":[{"embeddable":true,"href":"https:\/\/acdkids.org\/es\/wp-json\/wp\/v2\/pages\/139"}],"wp:attachment":[{"href":"https:\/\/acdkids.org\/es\/wp-json\/wp\/v2\/media?parent=163"}],"curies":[{"name":"wp","href":"https:\/\/api.w.org\/{rel}","templated":true}]}}