{"id":166,"date":"2022-03-15T10:59:39","date_gmt":"2022-03-15T14:59:39","guid":{"rendered":"https:\/\/acdkids.org\/michigan\/child-care-homes\/"},"modified":"2022-08-01T13:57:29","modified_gmt":"2022-08-01T17:57:29","slug":"guarderias-domesticas","status":"publish","type":"page","link":"https:\/\/acdkids.org\/es\/michigan\/guarderias-domesticas\/","title":{"rendered":"Guarder\u00edas dom\u00e9sticas"},"content":{"rendered":"<div id=\"cs-content\" class=\"cs-content\"><\/div>\n","protected":false},"excerpt":{"rendered":"<p>Guarder\u00edas dom\u00e9sticas de M\u00edchigan El Departamento de Agricultura de los Estados Unidos (USDA) establece los importes de reembolso otorgados en el Programa de Alimentos para el Cuidado de Ni\u00f1os y Adultos y los modifica ligeramente todos los a\u00f1os, el 1 de julio, seg\u00fan los cambios en el costo de la vida. Hay dos categor\u00edas seg\u00fan las que los proveedores pueden &#8230; <\/p>\n<div><a href=\"https:\/\/acdkids.org\/es\/michigan\/guarderias-domesticas\/\" class=\"more-link\">Read More<\/a><\/div>\n","protected":false},"author":14,"featured_media":0,"parent":140,"menu_order":0,"comment_status":"closed","ping_status":"closed","template":"template-blank-4.php","meta":{"_acf_changed":false,"footnotes":""},"class_list":["post-166","page","type-page","status-publish","hentry","no-post-thumbnail"],"acf":[],"_links":{"self":[{"href":"https:\/\/acdkids.org\/es\/wp-json\/wp\/v2\/pages\/166","targetHints":{"allow":["GET"]}}],"collection":[{"href":"https:\/\/acdkids.org\/es\/wp-json\/wp\/v2\/pages"}],"about":[{"href":"https:\/\/acdkids.org\/es\/wp-json\/wp\/v2\/types\/page"}],"author":[{"embeddable":true,"href":"https:\/\/acdkids.org\/es\/wp-json\/wp\/v2\/users\/14"}],"replies":[{"embeddable":true,"href":"https:\/\/acdkids.org\/es\/wp-json\/wp\/v2\/comments?post=166"}],"version-history":[{"count":0,"href":"https:\/\/acdkids.org\/es\/wp-json\/wp\/v2\/pages\/166\/revisions"}],"up":[{"embeddable":true,"href":"https:\/\/acdkids.org\/es\/wp-json\/wp\/v2\/pages\/140"}],"wp:attachment":[{"href":"https:\/\/acdkids.org\/es\/wp-json\/wp\/v2\/media?parent=166"}],"curies":[{"name":"wp","href":"https:\/\/api.w.org\/{rel}","templated":true}]}}