{"id":169,"date":"2022-03-15T11:28:13","date_gmt":"2022-03-15T15:28:13","guid":{"rendered":"https:\/\/acdkids.org\/michigan\/contact\/"},"modified":"2022-05-04T10:47:37","modified_gmt":"2022-05-04T14:47:37","slug":"contacto","status":"publish","type":"page","link":"https:\/\/acdkids.org\/es\/michigan\/contacto\/","title":{"rendered":"Contacto"},"content":{"rendered":"<div id=\"cs-content\" class=\"cs-content\"><\/div>\n","protected":false},"excerpt":{"rendered":"<p>Formulario de Contacto de M\u00edchigan En caso de tener una pregunta o desear informaci\u00f3n sobre c\u00f3mo participar en el programa de alimentos con ACD, comun\u00edquese con nosotros utilizando el formulario a continuaci\u00f3n. Enviar PDF Oficina de M\u00edchigan Direcci\u00f3n permanente: P.O. Box 1491 East Lansing, MI 48826Direcci\u00f3n postal: 139 W. Lake Lansing Rd., Suite 120 East Lansing, MI 48823Tel\u00e9fono gratuito: (800) &#8230; <\/p>\n<div><a href=\"https:\/\/acdkids.org\/es\/michigan\/contacto\/\" class=\"more-link\">Read More<\/a><\/div>\n","protected":false},"author":14,"featured_media":0,"parent":140,"menu_order":3,"comment_status":"closed","ping_status":"closed","template":"template-blank-4.php","meta":{"_acf_changed":false,"footnotes":""},"class_list":["post-169","page","type-page","status-publish","hentry","no-post-thumbnail"],"acf":[],"_links":{"self":[{"href":"https:\/\/acdkids.org\/es\/wp-json\/wp\/v2\/pages\/169","targetHints":{"allow":["GET"]}}],"collection":[{"href":"https:\/\/acdkids.org\/es\/wp-json\/wp\/v2\/pages"}],"about":[{"href":"https:\/\/acdkids.org\/es\/wp-json\/wp\/v2\/types\/page"}],"author":[{"embeddable":true,"href":"https:\/\/acdkids.org\/es\/wp-json\/wp\/v2\/users\/14"}],"replies":[{"embeddable":true,"href":"https:\/\/acdkids.org\/es\/wp-json\/wp\/v2\/comments?post=169"}],"version-history":[{"count":0,"href":"https:\/\/acdkids.org\/es\/wp-json\/wp\/v2\/pages\/169\/revisions"}],"up":[{"embeddable":true,"href":"https:\/\/acdkids.org\/es\/wp-json\/wp\/v2\/pages\/140"}],"wp:attachment":[{"href":"https:\/\/acdkids.org\/es\/wp-json\/wp\/v2\/media?parent=169"}],"curies":[{"name":"wp","href":"https:\/\/api.w.org\/{rel}","templated":true}]}}