{"id":178,"date":"2022-03-15T10:58:00","date_gmt":"2022-03-15T14:58:00","guid":{"rendered":"https:\/\/acdkids.org\/connect\/"},"modified":"2023-03-01T13:32:07","modified_gmt":"2023-03-01T18:32:07","slug":"como-participar","status":"publish","type":"page","link":"https:\/\/acdkids.org\/es\/como-participar\/","title":{"rendered":"C\u00f3mo participar"},"content":{"rendered":"<div id=\"cs-content\" class=\"cs-content\"><\/div>\n","protected":false},"excerpt":{"rendered":"<p>La Asociaci\u00f3n para el Desarrollo de Ni\u00f1os Lo ayudamos a establecer h\u00e1bitos alimentarios saludables de por vida. \u00a1\u00danase a ACD! Reciba reembolsos monetarios por las comidas y meriendas que sirve en su guarder\u00eda dom\u00e9stica o centro de cuidado infantil. Sea usted proveedor de cuidado infantil con o sin licencia o propietario de un centro de cuidado infantil, es posible que &#8230; <\/p>\n<div><a href=\"https:\/\/acdkids.org\/es\/como-participar\/\" class=\"more-link\">Read More<\/a><\/div>\n","protected":false},"author":14,"featured_media":0,"parent":0,"menu_order":5,"comment_status":"closed","ping_status":"closed","template":"template-blank-4.php","meta":{"_acf_changed":false,"footnotes":""},"class_list":["post-178","page","type-page","status-publish","hentry","no-post-thumbnail"],"acf":[],"_links":{"self":[{"href":"https:\/\/acdkids.org\/es\/wp-json\/wp\/v2\/pages\/178","targetHints":{"allow":["GET"]}}],"collection":[{"href":"https:\/\/acdkids.org\/es\/wp-json\/wp\/v2\/pages"}],"about":[{"href":"https:\/\/acdkids.org\/es\/wp-json\/wp\/v2\/types\/page"}],"author":[{"embeddable":true,"href":"https:\/\/acdkids.org\/es\/wp-json\/wp\/v2\/users\/14"}],"replies":[{"embeddable":true,"href":"https:\/\/acdkids.org\/es\/wp-json\/wp\/v2\/comments?post=178"}],"version-history":[{"count":0,"href":"https:\/\/acdkids.org\/es\/wp-json\/wp\/v2\/pages\/178\/revisions"}],"wp:attachment":[{"href":"https:\/\/acdkids.org\/es\/wp-json\/wp\/v2\/media?parent=178"}],"curies":[{"name":"wp","href":"https:\/\/api.w.org\/{rel}","templated":true}]}}